{"id":135181,"date":"2024-07-15T16:00:52","date_gmt":"2024-07-15T14:00:52","guid":{"rendered":"https:\/\/www.e-recht24.de\/mitglieder\/?page_id=135181"},"modified":"2026-02-19T11:25:45","modified_gmt":"2026-02-19T10:25:45","slug":"affiliate-agb","status":"publish","type":"page","link":"https:\/\/www.e-recht24.de\/mitglieder\/affiliate-agb\/","title":{"rendered":"Allgemeine Gesch\u00e4ftsbedingungen f\u00fcr die Teilnahme am Affiliate-Programm von eRecht24 GmbH &#038; Co. KG"},"content":{"rendered":"<div class=\"wpb-content-wrapper\"><p>[vc_row][vc_column][vc_column_text css=&#8221;&#8221;]<\/p>\n<h4>Plattformbetreiber:<br \/>\neRecht24 GmbH &amp; Co. KG<br \/>\nLietzenburger Stra\u00dfe 93-95<br \/>\n10719 Berlin<\/h4>\n<p>Stand: 15.07.2024<\/p>\n<p>&nbsp;<\/p>\n<ol>\n<li><strong>Geltungsbereich und allgemeine Bestimmungen<\/strong>\n<ol>\n<li>Der Merchant bietet \u00fcber die Webseite <a href=\"https:\/\/www.e-recht24.de\">e-recht24.de<\/a> Dienstleistungen aus dem Bereich des Online-Rechts gegen\u00fcber Unternehmen an. Der Merchant bietet Affiliates im Rahmen seines Affiliate-Programms die M\u00f6glichkeit, Affiliate-Provisionen f\u00fcr geworbene Endkunden zu erhalten. Die Teilnahme am Affiliate-Programm erfolgt auf Grundlage der nachfolgenden AGB.<\/li>\n<li>Von diesen Gesch\u00e4ftsbedingungen abweichende AGB, die durch den Affiliate verwendet werden, erkennt der Merchant \u2013 vorbehaltlich einer ausdr\u00fccklichen Zustimmung \u2013 nicht an. Individuell vereinbarte Leistungen gehen den Regelungen dieser AGB vor.<\/li>\n<li>Im Geltungsbereich dieser AGB gelten folgende Bestimmungen:\n<ul>\n<li><strong>Merchant <\/strong>ist derjenige, der seine Waren und Dienstleistungen \u00fcber das Affiliate-Programm durch die Affiliates vermitteln l\u00e4sst. Vorliegend tritt eRecht24 GmbH &amp; Co. KG als Merchant auf.<\/li>\n<li><strong>Affiliate<\/strong> ist, wer im Rahmen des Affiliate-Programmes Endkunden wirbt.<\/li>\n<li><strong>Affiliate-Programm<\/strong> ist eine internetbasierte Vertriebsart gegen Provision durch den Affiliate f\u00fcr den Merchant; sofern in den vorliegenden Rechtstexten von \u201eAffiliate-Programm\u201c die Rede ist, ist vorbehaltlich abweichender Bestimmungen, das vom Betreiber des Affiliate-Programms betriebene und in diesen AGB geregelte Affiliate-Programm gemeint.<\/li>\n<li><strong>Betreiber des Affiliate-Programms<\/strong> ist der Merchant.<\/li>\n<li><strong>Endkunde<\/strong> ist, wer vermittelt durch den Affiliate einen Vertrag mit dem Merchant schlie\u00dft.<\/li>\n<\/ul>\n<\/li>\n<\/ol>\n<\/li>\n<\/ol>\n<p>&nbsp;<\/p>\n<ol start=\"2\">\n<li><strong>Vertragsschluss zwischen Merchant und Affiliate <\/strong>\n<ol>\n<li>F\u00fcr die Teilnahme am Affiliate-Programm muss sich der Affiliate auf der hierf\u00fcr vorgesehenen Webseite registrieren. Die Registrierung stellt ein Angebot des Affiliates zur Teilnahme am Affiliate-Programm dar, das anschlie\u00dfend durch den Betreiber des Affiliate-Programms best\u00e4tigt werden muss (Vertragsannahme).<\/li>\n<li>Die Registrierung im Affiliate-Programm ist ausschlie\u00dflich juristischen oder vollj\u00e4hrigen und voll gesch\u00e4ftsf\u00e4higen nat\u00fcrlichen Personen erlaubt, die in ihrer Eigenschaft als Unternehmer handeln. Es werden keine Vertr\u00e4ge mit Verbrauchern \/ Privatpersonen geschlossen.<\/li>\n<li>Vorbehaltlich abweichender Vereinbarungen und Bestimmungen ist die Teilnahme am Affiliate-Programm f\u00fcr den Affiliate kostenlos.<\/li>\n<li>Der Affiliate tr\u00e4gt s\u00e4mtliche im Zusammenhang mit der Teilnahme am Affiliate-Programm anfallende Kosten selbst.<\/li>\n<li>Der Affiliate verpflichtet sich zur Einhaltung der gesetzlichen Vorgaben zum Datenschutz bei der Verarbeitung personenbezogener Daten seiner Kunde im Rahmen seiner T\u00e4tigkeit als Affiliate f\u00fcr den Merchant.<\/li>\n<\/ol>\n<\/li>\n<\/ol>\n<p>&nbsp;<\/p>\n<ol start=\"3\">\n<li><strong>Vertragsschluss mit Endkunden<\/strong>\n<ol>\n<li>Vertr\u00e4ge, die der Merchant mit einem Endkunden durch Vermittlung des Affiliate schlie\u00dft, kommen ausschlie\u00dflich zwischen dem Merchant und dem Endkunden zustande.<\/li>\n<li>Der Merchant darf vom Affiliate vermittelte Kunden ablehnen, der Affiliate hat keinen Anspruch darauf, dass der Merchant mit einem von ihm vermittelten Kunden einen Vertrag schlie\u00dft.<\/li>\n<\/ol>\n<\/li>\n<\/ol>\n<p><strong>\u00a0<\/strong><\/p>\n<ol start=\"4\">\n<li><strong>Pflichten, Beschr\u00e4nkungen und Obliegenheiten des Affiliates<\/strong>\n<ol>\n<li>Der Affiliate ist verpflichtet, die bei seiner Anmeldung angegebenen Daten stets aktuell zu halten und Verst\u00f6\u00dfe gegen diese Nutzungsbedingungen und gegen geltendes Recht zu unterlassen. Er handelt eigenst\u00e4ndig und hat alles zu unterlassen, was dem Ansehen des Merchants oder dessen Marken oder Dienstleistungen\/Produkten schadet. Er hat ferner jede Handlung zu unterlassen, die Dritten den Eindruck vermittelt, der Affiliate sei Mitarbeiter des Merchants oder in sonstiger Weise dessen Betrieb zugeh\u00f6rig. Der Affiliate ist insbesondere verpflichtet:\n<ul>\n<li>sich nicht als Mitarbeiter, Vertreter oder Bevollm\u00e4chtigter des Merchants ausgeben oder in dessen Namen aufzutreten und Erkl\u00e4rungen f\u00fcr diesen abzugeben. Er hat stets deutlich zu machen, dass er ausschlie\u00dflich Affiliate ist.<\/li>\n<li>keine Werbung auf Webseiten oder sonstigen Medien zu schalten oder zu verbreiten, die beleidigend, extremistisch, gewaltverherrlichend oder -verharmlosend, volksverhetzend, rechtsextremistisch, diskriminierend, verfassungsfeindlich, jugendgef\u00e4hrdend oder pornografisch sind, die gegen die Rechte Dritter (z.B. Marken- und Urheberrecht) oder sonstiges geltendes Recht oder die guten Sitten (insbesondere Strafrecht und Ordnungswidrigkeitenrecht) versto\u00dfen.<\/li>\n<li>keine Ver\u00e4nderung der vom Merchant bereitgestellten Inhalte und Materialien vorzunehmen.<\/li>\n<li>keine sonstigen Handlungen vorzunehmen, die den Ruf oder die \u00f6ffentliche Wahrnehmung des Merchants, seiner Dienstleistungen\/Produkte oder seiner Marken sch\u00e4digen k\u00f6nnten.<\/li>\n<li>geltendes Recht beim Schalten von Werbung zu beachten, insbesondere die Pflicht zur Anbieterkennzeichnung und zur Werbekennzeichnung zu einzuhalten, keine Urheberrechte oder sonstigen Drittrechte zu verletzen und die gesetzlichen Datenschutzvorgaben einzuhalten.<\/li>\n<li>das provisionsausl\u00f6sende Tracking nicht zu manipulieren (vgl. die Regelungen unter der \u00dcberschrift \u201eProvision und Tracking\u201c).<\/li>\n<li>keine Verletzung von Urheberrechten und sonstigen Drittrechten zu begehen.<\/li>\n<li>keine Bonussysteme, Paid4Mails, Schneeballsysteme, Pop-Up-Services oder \u00e4hnliche Formen von Werbung anzubieten oder zu verbreiten.<\/li>\n<li><\/li>\n<\/ul>\n<\/li>\n<li>Bei Verst\u00f6\u00dfen gegen die Vereinbarungen dieser Ziffer steht dem Merchant ein au\u00dferordentliches fristloses K\u00fcndigungsrecht zu. Sollten Verst\u00f6\u00dfe nach dieser Ziffer im Raum stehen, die zun\u00e4chst noch \u00fcberpr\u00fcft werden m\u00fcssen, ist der Merchant berechtigt, den Affiliate bis zur Kl\u00e4rung der Verdachtsf\u00e4lle zu sperren; es obliegt in diesem Fall dem Affiliate, den Verdacht zu entkr\u00e4ften. Der Affiliate kann f\u00fcr die Zeit der Sperrung keinen Schadensersatzanspruch geltend machen; die Vorschriften unter der \u00dcberschrift \u201eHaftung\u201c bleiben hiervon unber\u00fchrt.<\/li>\n<\/ol>\n<\/li>\n<\/ol>\n<p>&nbsp;<\/p>\n<ol start=\"5\">\n<li><strong>Bereitstellung von Werbematerial durch den Merchant<\/strong>\n<ol>\n<li>Der Merchant stellt dem Affiliate Werbematerial zur Verf\u00fcgung. Das zur Verf\u00fcgung gestellte Werbematerial einschlie\u00dflich \u00fcberlassener Links, darf vom Affiliate weder bearbeitet noch ver\u00e4ndert und nicht weitergegeben werden. Der Affiliate darf ausschlie\u00dflich das zur Verf\u00fcgung gestellte Werbematerial zur Kundegewinnung verwenden. Die Nutzung weiterer Werbemittel bedarf der Zustimmung des Merchants.<\/li>\n<li>Der Merchant ist berechtigt, vom Affiliate eine \u00c4nderung der Platzierung der Werbung zu verlangen, wenn die vom Affiliate gew\u00e4hlte Platzierung gegen die Gesetze, die guten Sitten oder Rechte Dritter verst\u00f6\u00dft.<\/li>\n<li>Umfang und Art der Werbematerialien liegen im Ermessen des Merchants. Der Affiliate hat keinen Anspruch auf Werbematerialien.<\/li>\n<\/ol>\n<\/li>\n<\/ol>\n<p><strong>\u00a0<\/strong><\/p>\n<ol start=\"6\">\n<li><strong>Provision und Tracking<\/strong>\n<ol>\n<li>Der Merchant selbst oder ein von ihm beauftragter Dritter protokolliert die vom Affiliate vermittelten Gesch\u00e4ftsabschl\u00fcsse (sog. \u201eTracking\u201c). Allein ma\u00dfgeblich f\u00fcr die Beurteilung, ob ein die Provision ausl\u00f6sender Vertragsschluss erfolgt, ist das Tracking des Merchants. Der Affiliate ist nicht berechtigt, das Tracking zu manipulieren.<\/li>\n<li>Der Affiliate erh\u00e4lt f\u00fcr die per Tracking nachgewiesenen Vertragsschl\u00fcsse eine Provision f\u00fcr geworbene Kunden, die sich wie folgt bestimmt:\n<ul>\n<li><strong>Entstehung des Provisionsanspruchs:<\/strong> Der Provisionsanspruch entsteht, wenn ein vom Affiliate nachweislich geworbener Dritter ein kostenpflichtiges am Affiliate-Programm teilnehmendes Produkt des Merchants erwirbt und der Vertrag vom Kunden nicht innerhalb von 31 Tagen vorzeitig beendet wird; sofern der Vertrag vorzeitig beendet wird f\u00e4llt kein Provisionsanspruch an, wobei es unerheblich ist, aus welchem Grund der Vertrag vorzeitig beendet wurde (z.B. Widerruf, R\u00fccktritt, Anfechtung, Geltendmachung einer vom Anbieter freiwillig einger\u00e4umten Geld-zur\u00fcck-Garantie).<\/li>\n<li><strong>H\u00f6he des Provisionsanspruchs:<\/strong> Die H\u00f6he der Provision betr\u00e4gt einmalig 25% des Nettozahlbetrags auf die erste gebuchte Vertragsperiode eines eRecht24 Premium Produkts (Bsp.: Beim Verkauf eines eRecht24 Premium Tarifs mit Laufzeit von 1 Monat und einem Preis von 15\u20ac erh\u00e4lt der Affiliate einmalig 3,75 \u20ac). Der Anbieter beh\u00e4lt sich das Recht vor, die Provisionsh\u00f6he f\u00fcr die Zukunft anzupassen. Hier\u00fcber wird der\u00a0 Affiliate mit einer angemessenen Frist von mindestens 14 Tagen vorab informiert.<\/li>\n<li><strong>Nachweis des Provisionsanspruchs:<\/strong> Der Provisionsanspruch entsteht nur f\u00fcr nachweislich vom Affiliate vermittelte Vertr\u00e4ge.<\/li>\n<li><strong>Auszahlung der Provision<\/strong>: Der Affiliate erh\u00e4lt monatlich sp\u00e4testens zum 15. des Folgemonats in dem der Anspruch entstanden ist eine Gutschrift \u00fcber die von ihm erworbenen Provisionsanspr\u00fcche auf das von ihm angegeben Konto. Zu viel gezahlte Provisionen kann der Merchant mit zuk\u00fcnftigen Gutschriften verrechnen.<\/li>\n<\/ul>\n<\/li>\n<li>Der Affiliate f\u00fchrt anfallende Steuern selbst ab. \u00c4nderungen mit Bezug zur Umsatzsteuerpflicht teilt der Affiliate dem Merchant umgehend mit.<\/li>\n<li>Ein Anspruch auf eine Provision entsteht nicht, wenn\n<ul>\n<li>Affiliate und Kunde identisch sind,<\/li>\n<li>bei Mehrfachbestellungen oder Bestellung \u00fcber mehrere Kan\u00e4le,<\/li>\n<li>die Bestellung auf Traffic zur\u00fcckzuf\u00fchren ist, der nicht im Einklang mit diesen AGB steht,<\/li>\n<li>der Affiliate das Tracking manipuliert.<\/li>\n<\/ul>\n<\/li>\n<\/ol>\n<\/li>\n<\/ol>\n<p><strong>\u00a0<\/strong><\/p>\n<ol start=\"7\">\n<li><strong>Laufzeit und Beendigung<\/strong>\n<ol>\n<li>Der Vertrag wird auf unbestimmte Dauer geschlossen und kann von jeder Partei unter Einhaltung einer Frist von einer Woche in Textform ordentlich gek\u00fcndigt werden.<\/li>\n<li>Das Recht beider Parteien zur au\u00dferordentlichen fristlosen K\u00fcndigung aus wichtigem Grund bleibt hiervon unber\u00fchrt. Ein wichtiger Grund f\u00fcr den Merchant liegt insbesondere vor, wenn der Affiliate wiederholt oder in schwerwiegender Weise gegen diese AGB verst\u00f6\u00dft. In dem Fall ist der Merchant berechtigt, den Affiliate in der Zukunft aus dem Affiliate Programm auszuschlie\u00dfen.<\/li>\n<li>Ein eventuelles Restguthaben wird dem Affiliate zum Beendigungszeitpunkt ausgezahlt.<\/li>\n<li>Nach Beendigung des Vertrages und Ablauf der gesetzlichen Aufbewahrungsfristen werden alle Daten des Affiliate gel\u00f6scht.<\/li>\n<li>Der Affiliate ist verpflichtet, mit Beendigung des Affiliate Programmes alle technischen Vorkehrungen zu treffen, um die Verlinkung zwischen seiner Webseite und derjenigen des Merchants zu l\u00f6schen. Eine Nutzungsm\u00f6glichkeit der vom Merchant eventuell zur Verf\u00fcgung gestellten Werbemittel endet.<\/li>\n<li>Der Merchant kann erzielte, noch nicht ausgezahlte Provisionen bei schwerwiegenden Verst\u00f6\u00dfen gegen diese AGB einbehalten oder gezahlte Verg\u00fctungen f\u00fcr den Zeitraum, in dem gegen die vertraglichen Vereinbarungen schwerwiegend versto\u00dfen wird, zur\u00fcckfordern bzw. einbehalten.<\/li>\n<\/ol>\n<\/li>\n<\/ol>\n<p>&nbsp;<\/p>\n<ol start=\"8\">\n<li><strong>\u00c4nderung des Leistungsumfanges <\/strong>\n<ol>\n<li>Der Merchant entwickelt die Plattform fortlaufend weiter und passt sie an.<\/li>\n<li>Er ist berechtigt, die Funktionalit\u00e4ten und Inhalte des Affiliate Programms zu \u00e4ndern oder den Betrieb des Affiliate Programmes vollst\u00e4ndig einzustellen. Der Merchant ist dabei auch berechtigt Anzahl und Art der Affiliate Produkte zu \u00e4ndern. \u00dcber \u00c4nderungen informiert er den Affiliate zeitnah.<\/li>\n<li>Der Merchant ist dar\u00fcber hinaus berechtigt, seine Leistungspflichten nach dem Vertrag auf Dritte zu \u00fcbertragen.<\/li>\n<\/ol>\n<\/li>\n<\/ol>\n<p><strong>\u00a0<\/strong><\/p>\n<ol start=\"9\">\n<li><strong>Nutzungsrechte<\/strong>\n<ul>\n<li>Der Merchant r\u00e4umt dem Affiliate f\u00fcr die Dauer dieses Vertrages \u2013 vorbehaltlich abweichender Vereinbarungen \u2013 das widerrufliche, nicht ausschlie\u00dfliche, nicht \u00fcbertragbare, r\u00e4umlich und zeitlich auf die Laufzeit dieses Vertrages begrenzte Nutzungsrecht an den vom Merchant zur Verf\u00fcgung gestellten Anwendungen, Werbematerialien und Daten ein. Dieses Nutzungsrecht gestattet es dem Affiliate, die \u00fcberlassenen Inhalte ausschlie\u00dflich f\u00fcr die Zwecke des Affiliate-Programms zu verwenden.<\/li>\n<\/ul>\n<\/li>\n<\/ol>\n<p>&nbsp;<\/p>\n<ol start=\"10\">\n<li><strong>Datenschutz und Vertraulichkeit<\/strong>\n<ol>\n<li>Der Merchant behandelt personenbezogene Daten des Affiliate vertraulich und entsprechend den gesetzlichen Datenschutzvorschriften.<\/li>\n<li>Der Affiliate verpflichtet sich, \u00fcber diese Vereinbarung und alle ihm im Rahmen der Teilnahme am Affiliate-Programm zur Kenntnis gelangten vertraulichen Informationen oder Vorg\u00e4nge, insbesondere Gesch\u00e4fts- oder Betriebsgeheimnisse des Merchants, Stillschweigen zu bewahren.<\/li>\n<\/ol>\n<\/li>\n<\/ol>\n<p>&nbsp;<\/p>\n<ol start=\"11\">\n<li><strong>Werbung<\/strong>\n<ul>\n<li>Der Affiliate ist unter Einhaltung der gesetzlichen und vertraglichen Vorgaben berechtigt, E-Mail-Werbung oder Werbung in den Sozialen Netzwerken zu schalten.<\/li>\n<\/ul>\n<\/li>\n<\/ol>\n<p>&nbsp;<\/p>\n<ol start=\"12\">\n<li><strong>Haftung <\/strong>\n<ol>\n<li>Der Merchant haftet unbeschr\u00e4nkt im Falle von Vorsatz oder grober Fahrl\u00e4ssigkeit, im Falle der vors\u00e4tzlichen oder fahrl\u00e4ssigen Verletzung des Lebens, des K\u00f6rpers oder der Gesundheit oder aufgrund zwingender gesetzlicher Vorschriften oder bei \u00dcbernahme einer Garantie.<\/li>\n<li>Im Falle der fahrl\u00e4ssigen Verletzung einer wesentlichen Vertragspflicht haftet der Merchant jeweils der H\u00f6he nach begrenzt auf den bei Vertragsschluss vorhersehbaren, vertragstypischen Schaden, sofern nicht ein Fall der unbeschr\u00e4nkten Haftung vorliegt. Wesentliche Vertragspflichten sind solche Pflichten, deren Erf\u00fcllung die ordnungsgem\u00e4\u00dfe Durchf\u00fchrung des Vertrags \u00fcberhaupt erst erm\u00f6glicht und auf deren Einhaltung eine Partei regelm\u00e4\u00dfig vertrauen darf.<\/li>\n<li>Im \u00dcbrigen ist die Haftung des Merchant ausgeschlossen.<\/li>\n<li>Vorstehende Haftungsregelungen gelten auch im Hinblick auf die Haftung des f\u00fcr die Erf\u00fcllungsgehilfen und gesetzlichen Vertreter des Merchants.<\/li>\n<li>Sollte der Merchant aufgrund des rechts- oder vertragswidrigen Verhaltens des Affiliates insbesondere wegen Verst\u00f6\u00dfe gegen das Datenschutz-, Urheber-, Wettbewerbs oder Markenrecht in Anspruch genommen werden, stellt der Affiliate den Merchant von allen Anspr\u00fcchen Dritter frei. Dies umfasst auch die angemessenen Kosten der Rechtsverteidigung (insb. Gerichts- und Anwaltskosten) in ihrer gesetzlichen H\u00f6he. Satz 1 und 2 gelten nicht, wenn der Affiliate die Rechtsverletzung nicht zu vertreten hat.<\/li>\n<\/ol>\n<\/li>\n<\/ol>\n<p><strong>\u00a0<\/strong><\/p>\n<ol start=\"13\">\n<li><strong>Schlussbestimmungen<\/strong>\n<ol>\n<li>Zwischen Merchant und dem Affiliate wird kein Arbeits-, Handelsvertreter- oder sonstiges Anstellungsverh\u00e4ltnis geschlossen.<\/li>\n<li>Zwischen dem Merchant und dem Affiliate geschlossenen Vertr\u00e4ge unterliegen dem materiellen Recht der Bundesrepublik Deutschland unter Ausschluss des UN-Kaufrechts.<\/li>\n<li>Sofern der Affiliate Kaufmann, juristische Person des \u00f6ffentlichen Rechts oder \u00f6ffentlich-rechtliches Sonderverm\u00f6gen ist oder keinen allgemeinen Gerichtsstand in Deutschland hat, vereinbaren die Parteien den Sitz des Merchants als Gerichtsstand f\u00fcr s\u00e4mtliche Streitigkeiten aus diesem Vertragsverh\u00e4ltnis; ausschlie\u00dfliche Gerichtsst\u00e4nde bleiben hiervon unber\u00fchrt.<\/li>\n<li>Der Merchant ist berechtigt, diese AGB aus sachlich gerechtfertigten Gr\u00fcnden (z. B. \u00c4nderungen in der Rechtsprechung, Gesetzeslage, Marktgegebenheiten oder der Gesch\u00e4fts- oder Unternehmensstrategie) und unter Einhaltung einer angemessenen Frist zu \u00e4ndern. Der Affiliate wird hier\u00fcber sp\u00e4testens zwei Wochen vor Inkrafttreten der \u00c4nderung per E-Mail benachrichtigt. Sofern er nicht innerhalb der in der \u00c4nderungsmitteilung gesetzten Frist widerspricht, gilt seine Zustimmung zur \u00c4nderung als erteilt. Widerspricht er, treten die \u00c4nderungen nicht in Kraft; der Merchant ist in diesem Fall berechtigt, den Vertrag zum Zeitpunkt des Inkrafttretens der \u00c4nderung au\u00dferordentlich zu k\u00fcndigen. Die Benachrichtigung \u00fcber die beabsichtigte \u00c4nderung dieser AGB wird auf die Frist und die Folgen des Widerspruchs oder seines Ausbleibens hinweisen.<\/li>\n<\/ol>\n<\/li>\n<\/ol>\n<p>[\/vc_column_text][vc_column_text]<strong>Kontakt: <\/strong><\/p>\n<p>E-Mail: mail@e-recht24.de<\/p>\n<p>Telefon: 030 12088634<br \/>\nTelefax: 030 120886341<\/p>\n<p><strong>Inhaltlich verantwortlich:<br \/>\n<\/strong><\/p>\n<p>Rechtsanwalt S\u00f6ren Siebert, siebert@e-recht24.de<\/p>\n<p>[\/vc_column_text][\/vc_column][\/vc_row]<\/p>\n<\/div>","protected":false},"excerpt":{"rendered":"<p>[vc_row][vc_column][vc_column_text css=&#8221;&#8221;] Plattformbetreiber: eRecht24 GmbH &amp; Co. KG Lietzenburger Stra\u00dfe 93-95 10719 Berlin Stand: 15.07.2024 &nbsp; Geltungsbereich und allgemeine Bestimmungen Der Merchant bietet \u00fcber die Webseite e-recht24.de Dienstleistungen aus dem Bereich des Online-Rechts gegen\u00fcber Unternehmen an. Der Merchant bietet Affiliates im Rahmen seines Affiliate-Programms die M\u00f6glichkeit, Affiliate-Provisionen f\u00fcr geworbene Endkunden zu erhalten. Die Teilnahme am [&hellip;]<\/p>\n","protected":false},"author":96173,"featured_media":0,"parent":0,"menu_order":0,"comment_status":"closed","ping_status":"closed","template":"","meta":{"_searchwp_excluded":"","footnotes":""},"class_list":["post-135181","page","type-page","status-publish","hentry"],"yoast_head":"<!-- This site is optimized with the Yoast SEO plugin v27.5 - https:\/\/yoast.com\/product\/yoast-seo-wordpress\/ -->\n<title>Allgemeine Gesch\u00e4ftsbedingungen f\u00fcr die Teilnahme am Affiliate-Programm von eRecht24 GmbH &#038; Co. KG<\/title>\n<meta name=\"robots\" content=\"noindex, follow\" \/>\n<meta property=\"og:locale\" content=\"de_DE\" \/>\n<meta property=\"og:type\" content=\"article\" \/>\n<meta property=\"og:title\" content=\"Allgemeine Gesch\u00e4ftsbedingungen f\u00fcr die Teilnahme am Affiliate-Programm von eRecht24 GmbH &#038; Co. KG\" \/>\n<meta property=\"og:description\" content=\"[vc_row][vc_column][vc_column_text css=&#8221;&#8221;] Plattformbetreiber: eRecht24 GmbH &amp; Co. KG Lietzenburger Stra\u00dfe 93-95 10719 Berlin Stand: 15.07.2024 &nbsp; Geltungsbereich und allgemeine Bestimmungen Der Merchant bietet \u00fcber die Webseite e-recht24.de Dienstleistungen aus dem Bereich des Online-Rechts gegen\u00fcber Unternehmen an. Der Merchant bietet Affiliates im Rahmen seines Affiliate-Programms die M\u00f6glichkeit, Affiliate-Provisionen f\u00fcr geworbene Endkunden zu erhalten. Die Teilnahme am [&hellip;]\" \/>\n<meta property=\"og:url\" content=\"https:\/\/www.e-recht24.de\/mitglieder\/affiliate-agb\/\" \/>\n<meta property=\"og:site_name\" content=\"eRecht24 Premium\" \/>\n<meta property=\"article:modified_time\" content=\"2026-02-19T10:25:45+00:00\" \/>\n<meta name=\"twitter:label1\" content=\"Gesch\u00e4tzte Lesezeit\" \/>\n\t<meta name=\"twitter:data1\" content=\"11\u00a0Minuten\" \/>\n<script type=\"application\/ld+json\" class=\"yoast-schema-graph\">{\"@context\":\"https:\\\/\\\/schema.org\",\"@graph\":[{\"@type\":\"WebPage\",\"@id\":\"https:\\\/\\\/www.e-recht24.de\\\/mitglieder\\\/affiliate-agb\\\/\",\"url\":\"https:\\\/\\\/www.e-recht24.de\\\/mitglieder\\\/affiliate-agb\\\/\",\"name\":\"Allgemeine Gesch\u00e4ftsbedingungen f\u00fcr die Teilnahme am Affiliate-Programm von eRecht24 GmbH &#038; Co. KG\",\"isPartOf\":{\"@id\":\"https:\\\/\\\/www.e-recht24.de\\\/mitglieder\\\/#website\"},\"datePublished\":\"2024-07-15T14:00:52+00:00\",\"dateModified\":\"2026-02-19T10:25:45+00:00\",\"inLanguage\":\"de\",\"potentialAction\":[{\"@type\":\"ReadAction\",\"target\":[\"https:\\\/\\\/www.e-recht24.de\\\/mitglieder\\\/affiliate-agb\\\/\"]}]},{\"@type\":\"WebSite\",\"@id\":\"https:\\\/\\\/www.e-recht24.de\\\/mitglieder\\\/#website\",\"url\":\"https:\\\/\\\/www.e-recht24.de\\\/mitglieder\\\/\",\"name\":\"eRecht24 Premium\",\"description\":\"Spezielle Werkzeuge und Services zum Internetrecht\",\"potentialAction\":[{\"@type\":\"SearchAction\",\"target\":{\"@type\":\"EntryPoint\",\"urlTemplate\":\"https:\\\/\\\/www.e-recht24.de\\\/mitglieder\\\/?s={search_term_string}\"},\"query-input\":{\"@type\":\"PropertyValueSpecification\",\"valueRequired\":true,\"valueName\":\"search_term_string\"}}],\"inLanguage\":\"de\"}]}<\/script>\n<!-- \/ Yoast SEO plugin. -->","yoast_head_json":{"title":"Allgemeine Gesch\u00e4ftsbedingungen f\u00fcr die Teilnahme am Affiliate-Programm von eRecht24 GmbH &#038; Co. KG","robots":{"index":"noindex","follow":"follow"},"og_locale":"de_DE","og_type":"article","og_title":"Allgemeine Gesch\u00e4ftsbedingungen f\u00fcr die Teilnahme am Affiliate-Programm von eRecht24 GmbH &#038; Co. KG","og_description":"[vc_row][vc_column][vc_column_text css=&#8221;&#8221;] Plattformbetreiber: eRecht24 GmbH &amp; Co. KG Lietzenburger Stra\u00dfe 93-95 10719 Berlin Stand: 15.07.2024 &nbsp; Geltungsbereich und allgemeine Bestimmungen Der Merchant bietet \u00fcber die Webseite e-recht24.de Dienstleistungen aus dem Bereich des Online-Rechts gegen\u00fcber Unternehmen an. Der Merchant bietet Affiliates im Rahmen seines Affiliate-Programms die M\u00f6glichkeit, Affiliate-Provisionen f\u00fcr geworbene Endkunden zu erhalten. Die Teilnahme am [&hellip;]","og_url":"https:\/\/www.e-recht24.de\/mitglieder\/affiliate-agb\/","og_site_name":"eRecht24 Premium","article_modified_time":"2026-02-19T10:25:45+00:00","twitter_misc":{"Gesch\u00e4tzte Lesezeit":"11\u00a0Minuten"},"schema":{"@context":"https:\/\/schema.org","@graph":[{"@type":"WebPage","@id":"https:\/\/www.e-recht24.de\/mitglieder\/affiliate-agb\/","url":"https:\/\/www.e-recht24.de\/mitglieder\/affiliate-agb\/","name":"Allgemeine Gesch\u00e4ftsbedingungen f\u00fcr die Teilnahme am Affiliate-Programm von eRecht24 GmbH &#038; Co. KG","isPartOf":{"@id":"https:\/\/www.e-recht24.de\/mitglieder\/#website"},"datePublished":"2024-07-15T14:00:52+00:00","dateModified":"2026-02-19T10:25:45+00:00","inLanguage":"de","potentialAction":[{"@type":"ReadAction","target":["https:\/\/www.e-recht24.de\/mitglieder\/affiliate-agb\/"]}]},{"@type":"WebSite","@id":"https:\/\/www.e-recht24.de\/mitglieder\/#website","url":"https:\/\/www.e-recht24.de\/mitglieder\/","name":"eRecht24 Premium","description":"Spezielle Werkzeuge und Services zum Internetrecht","potentialAction":[{"@type":"SearchAction","target":{"@type":"EntryPoint","urlTemplate":"https:\/\/www.e-recht24.de\/mitglieder\/?s={search_term_string}"},"query-input":{"@type":"PropertyValueSpecification","valueRequired":true,"valueName":"search_term_string"}}],"inLanguage":"de"}]}},"_links":{"self":[{"href":"https:\/\/www.e-recht24.de\/mitglieder\/wp-json\/wp\/v2\/pages\/135181","targetHints":{"allow":["GET"]}}],"collection":[{"href":"https:\/\/www.e-recht24.de\/mitglieder\/wp-json\/wp\/v2\/pages"}],"about":[{"href":"https:\/\/www.e-recht24.de\/mitglieder\/wp-json\/wp\/v2\/types\/page"}],"author":[{"embeddable":true,"href":"https:\/\/www.e-recht24.de\/mitglieder\/wp-json\/wp\/v2\/users\/96173"}],"replies":[{"embeddable":true,"href":"https:\/\/www.e-recht24.de\/mitglieder\/wp-json\/wp\/v2\/comments?post=135181"}],"version-history":[{"count":6,"href":"https:\/\/www.e-recht24.de\/mitglieder\/wp-json\/wp\/v2\/pages\/135181\/revisions"}],"predecessor-version":[{"id":145479,"href":"https:\/\/www.e-recht24.de\/mitglieder\/wp-json\/wp\/v2\/pages\/135181\/revisions\/145479"}],"wp:attachment":[{"href":"https:\/\/www.e-recht24.de\/mitglieder\/wp-json\/wp\/v2\/media?parent=135181"}],"curies":[{"name":"wp","href":"https:\/\/api.w.org\/{rel}","templated":true}]}}